{"id":13050,"date":"2025-05-14T11:18:45","date_gmt":"2025-05-14T14:18:45","guid":{"rendered":"https:\/\/rbma.org.br\/n\/?page_id=13050"},"modified":"2025-05-26T17:51:56","modified_gmt":"2025-05-26T20:51:56","slug":"restauracao-cidada-rbma","status":"publish","type":"page","link":"https:\/\/rbma.org.br\/n\/restauracao-cidada-rbma\/","title":{"rendered":"Programa Restaura\u00e7\u00e3o Cidad\u00e3: Promovendo o Engajamento Social na Restaura\u00e7\u00e3o da Mata Atl\u00e2nticaRestaura\u00e7\u00e3o Cidad\u00e3 \u2013 RBMA"},"content":{"rendered":"","protected":false},"excerpt":{"rendered":"","protected":false},"author":3,"featured_media":0,"parent":0,"menu_order":0,"comment_status":"closed","ping_status":"closed","template":"","meta":{"slim_seo":{"title":"Programa Restaura\u00e7\u00e3o Cidad\u00e3: Promovendo o Engajamento Social na Restaura\u00e7\u00e3o da Mata Atl\u00e2nticaRestaura\u00e7\u00e3o Cidad\u00e3 \u2013 RBMA - RBMA","description":""},"footnotes":""},"class_list":["post-13050","page","type-page","status-publish","hentry"],"_links":{"self":[{"href":"https:\/\/rbma.org.br\/n\/wp-json\/wp\/v2\/pages\/13050","targetHints":{"allow":["GET"]}}],"collection":[{"href":"https:\/\/rbma.org.br\/n\/wp-json\/wp\/v2\/pages"}],"about":[{"href":"https:\/\/rbma.org.br\/n\/wp-json\/wp\/v2\/types\/page"}],"author":[{"embeddable":true,"href":"https:\/\/rbma.org.br\/n\/wp-json\/wp\/v2\/users\/3"}],"replies":[{"embeddable":true,"href":"https:\/\/rbma.org.br\/n\/wp-json\/wp\/v2\/comments?post=13050"}],"version-history":[{"count":10,"href":"https:\/\/rbma.org.br\/n\/wp-json\/wp\/v2\/pages\/13050\/revisions"}],"predecessor-version":[{"id":13270,"href":"https:\/\/rbma.org.br\/n\/wp-json\/wp\/v2\/pages\/13050\/revisions\/13270"}],"wp:attachment":[{"href":"https:\/\/rbma.org.br\/n\/wp-json\/wp\/v2\/media?parent=13050"}],"curies":[{"name":"wp","href":"https:\/\/api.w.org\/{rel}","templated":true}]}}