{"id":6179,"date":"2018-07-24T17:58:28","date_gmt":"2018-07-24T20:58:28","guid":{"rendered":"http:\/\/br446.teste.website\/~rbmao953\/n\/?page_id=6179"},"modified":"2018-07-24T20:11:41","modified_gmt":"2018-07-24T23:11:41","slug":"a-convencao-sobre-a-diversidade-biologica-cdb-2010","status":"publish","type":"page","link":"https:\/\/rbma.org.br\/n\/a-convencao-sobre-a-diversidade-biologica-cdb-2010\/","title":{"rendered":"A Conven\u00e7\u00e3o sobre a Diversidade Biol\u00f3gica &#8211; CDB 2010"},"content":{"rendered":"","protected":false},"excerpt":{"rendered":"","protected":false},"author":2,"featured_media":0,"parent":0,"menu_order":0,"comment_status":"closed","ping_status":"closed","template":"","meta":{"slim_seo":{"title":"A Conven\u00e7\u00e3o sobre a Diversidade Biol\u00f3gica - CDB 2010 - RBMA","description":""},"footnotes":""},"class_list":["post-6179","page","type-page","status-publish","hentry"],"_links":{"self":[{"href":"https:\/\/rbma.org.br\/n\/wp-json\/wp\/v2\/pages\/6179","targetHints":{"allow":["GET"]}}],"collection":[{"href":"https:\/\/rbma.org.br\/n\/wp-json\/wp\/v2\/pages"}],"about":[{"href":"https:\/\/rbma.org.br\/n\/wp-json\/wp\/v2\/types\/page"}],"author":[{"embeddable":true,"href":"https:\/\/rbma.org.br\/n\/wp-json\/wp\/v2\/users\/2"}],"replies":[{"embeddable":true,"href":"https:\/\/rbma.org.br\/n\/wp-json\/wp\/v2\/comments?post=6179"}],"version-history":[{"count":0,"href":"https:\/\/rbma.org.br\/n\/wp-json\/wp\/v2\/pages\/6179\/revisions"}],"wp:attachment":[{"href":"https:\/\/rbma.org.br\/n\/wp-json\/wp\/v2\/media?parent=6179"}],"curies":[{"name":"wp","href":"https:\/\/api.w.org\/{rel}","templated":true}]}}