{"id":84,"date":"2018-04-23T15:32:09","date_gmt":"2018-04-23T18:32:09","guid":{"rendered":"http:\/\/br446.teste.website\/~rbmao953\/n\/?page_id=84"},"modified":"2019-10-30T10:29:43","modified_gmt":"2019-10-30T13:29:43","slug":"mosaicos-e-corredores-ecologicos","status":"publish","type":"page","link":"https:\/\/rbma.org.br\/n\/programas-e-projetos\/mosaicos-e-corredores-ecologicos\/","title":{"rendered":"Programa de \u00c1reas Protegidas, Mosaicos e Corredores Ecol\u00f3gicos"},"content":{"rendered":"<p>Este foi o primeiro Programa permanente da RBMA e \u00e9 centrado na atua\u00e7\u00e3o t\u00e9cnica e pol\u00edtica visando a conserva\u00e7\u00e3o da biodiversidade, da \u00e1gua e dos demais recursos da Mata Atl\u00e2ntica por meio da cria\u00e7\u00e3o, implanta\u00e7\u00e3o e gest\u00e3o integrada e participativa de \u00e1reas protegidas p\u00fablicas e privadas, terrestres e marinhas. Ao longo de mais de 25 anos a RBMA contribuiu diretamente na proposi\u00e7\u00e3o e cria\u00e7\u00e3o de dezenas de novas Unidades de Conserva\u00e7\u00e3o, cuja \u00e1rea somada \u00e9 de cerca de 1milh\u00e3o de ha. Tamb\u00e9m teve a\u00e7\u00e3o central na cria\u00e7\u00e3o de todos os 13 Mosaicos de \u00c1reas Protegidas existentes no Bioma e na cria\u00e7\u00e3o e gest\u00e3o do Corredor Central da Mata Atl\u00e2ntica. Da mesma forma a RBMA foi protagonista central na cria\u00e7\u00e3o do Pacto pela Restaura\u00e7\u00e3o da Mata Atl\u00e2ntica (visando restaurar 15 milh\u00f5es de hectares at\u00e9 2050),respondendo por sua Secretaria Executiva por tr\u00eas anos. Tamb\u00e9m atua no fortalecimento das RPPNs\u00a0 e no desenvolvimento de a\u00e7\u00f5es de capacita\u00e7\u00e3o de gestores, projetos de ecoturismo e desenvolvimento socioambiental nas UCs de uso sustent\u00e1vel.<\/p>\n","protected":false},"excerpt":{"rendered":"<p>Este foi o primeiro Programa permanente da RBMA e \u00e9 centrado na atua\u00e7\u00e3o t\u00e9cnica e pol\u00edtica visando a conserva\u00e7\u00e3o da biodiversidade, da \u00e1gua e dos demais recursos da Mata Atl\u00e2ntica por meio da cria\u00e7\u00e3o, implanta\u00e7\u00e3o e gest\u00e3o integrada e participativa de \u00e1reas protegidas p\u00fablicas e privadas, terrestres e marinhas. Ao longo de mais de 25&#8230; <\/p>\n<div class=\"clear\"><\/div>\n<p><a href=\"https:\/\/rbma.org.br\/n\/programas-e-projetos\/mosaicos-e-corredores-ecologicos\/\" class=\"excerpt-read-more\">Leia mais<\/a><\/p>\n","protected":false},"author":4,"featured_media":0,"parent":76,"menu_order":40,"comment_status":"closed","ping_status":"closed","template":"","meta":{"slim_seo":{"title":"Programa de \u00c1reas Protegidas, Mosaicos e Corredores Ecol\u00f3gicos - RBMA","description":"Este foi o primeiro Programa permanente da RBMA e \u00e9 centrado na atua\u00e7\u00e3o t\u00e9cnica e pol\u00edtica visando a conserva\u00e7\u00e3o da biodiversidade, da \u00e1gua e dos demais recurso"},"footnotes":""},"class_list":["post-84","page","type-page","status-publish","hentry"],"_links":{"self":[{"href":"https:\/\/rbma.org.br\/n\/wp-json\/wp\/v2\/pages\/84","targetHints":{"allow":["GET"]}}],"collection":[{"href":"https:\/\/rbma.org.br\/n\/wp-json\/wp\/v2\/pages"}],"about":[{"href":"https:\/\/rbma.org.br\/n\/wp-json\/wp\/v2\/types\/page"}],"author":[{"embeddable":true,"href":"https:\/\/rbma.org.br\/n\/wp-json\/wp\/v2\/users\/4"}],"replies":[{"embeddable":true,"href":"https:\/\/rbma.org.br\/n\/wp-json\/wp\/v2\/comments?post=84"}],"version-history":[{"count":0,"href":"https:\/\/rbma.org.br\/n\/wp-json\/wp\/v2\/pages\/84\/revisions"}],"up":[{"embeddable":true,"href":"https:\/\/rbma.org.br\/n\/wp-json\/wp\/v2\/pages\/76"}],"wp:attachment":[{"href":"https:\/\/rbma.org.br\/n\/wp-json\/wp\/v2\/media?parent=84"}],"curies":[{"name":"wp","href":"https:\/\/api.w.org\/{rel}","templated":true}]}}